{"id":16,"date":"2022-08-16T11:42:09","date_gmt":"2022-08-16T11:42:09","guid":{"rendered":"http:\/\/tierracaravanas.es\/?page_id=16"},"modified":"2024-05-23T13:01:04","modified_gmt":"2024-05-23T13:01:04","slug":"quienes-somos","status":"publish","type":"page","link":"https:\/\/tierracaravanas.es\/eu\/quienes-somos\/","title":{"rendered":"Quienes somos"},"content":{"rendered":"<div data-elementor-type=\"wp-page\" data-elementor-id=\"16\" class=\"elementor elementor-16\" data-elementor-post-type=\"page\">\n\t\t\t\t\t\t<section class=\"elementor-section elementor-top-section elementor-element elementor-element-4f3f8e6 elementor-section-full_width elementor-section-height-default elementor-section-height-default\" data-id=\"4f3f8e6\" data-element_type=\"section\" data-e-type=\"section\">\n\t\t\t\t\t\t<div class=\"elementor-container elementor-column-gap-default\">\n\t\t\t\t\t<div class=\"elementor-column elementor-col-100 elementor-top-column elementor-element elementor-element-f69f104\" data-id=\"f69f104\" data-element_type=\"column\" data-e-type=\"column\">\n\t\t\t<div class=\"elementor-widget-wrap elementor-element-populated\">\n\t\t\t\t\t\t<div class=\"elementor-element elementor-element-e5f3043 elementor-widget elementor-widget-text-editor\" data-id=\"e5f3043\" data-element_type=\"widget\" data-e-type=\"widget\" data-widget_type=\"text-editor.default\">\n\t\t\t\t<div class=\"elementor-widget-container\">\n\t\t\t\t\t\t\t\t\tElegir el veh\u00edculo caravaning adecuado, quererlo, mantenerlo, equiparlo\u2026 es una decisi\u00f3n importante, y nosotros estamos aqu\u00ed para ayudarte.\t\t\t\t\t\t\t\t<\/div>\n\t\t\t\t<\/div>\n\t\t\t\t\t<\/div>\n\t\t<\/div>\n\t\t\t\t\t<\/div>\n\t\t<\/section>\n\t\t\t\t<section class=\"elementor-section elementor-top-section elementor-element elementor-element-a9d6cc7 elementor-section-full_width elementor-section-height-default elementor-section-height-default\" data-id=\"a9d6cc7\" data-element_type=\"section\" data-e-type=\"section\">\n\t\t\t\t\t\t<div class=\"elementor-container elementor-column-gap-default\">\n\t\t\t\t\t<div class=\"elementor-column elementor-col-50 elementor-top-column elementor-element elementor-element-fb76bff\" data-id=\"fb76bff\" data-element_type=\"column\" data-e-type=\"column\">\n\t\t\t<div class=\"elementor-widget-wrap elementor-element-populated\">\n\t\t\t\t\t\t<div class=\"elementor-element elementor-element-202c506 elementor-widget elementor-widget-text-editor\" data-id=\"202c506\" data-element_type=\"widget\" data-e-type=\"widget\" data-widget_type=\"text-editor.default\">\n\t\t\t\t<div class=\"elementor-widget-container\">\n\t\t\t\t\t\t\t\t\t<p>Somos una empresa especializada en caravanas y auto caravanas con taller propio desde 1975.<br>Nos dedicamos a la venta y reparaci\u00f3n de las mismas.<\/p>\n<p><!-- \/wp:paragraph --><\/p>\n<p><!-- wp:paragraph --><\/p>\n<p>Tambi\u00e9n colocamos enganches a todo tipo de veh\u00edculos.<\/p>\n<p><!-- \/wp:paragraph --><\/p>\n<p><!-- wp:paragraph --><\/p>\n<p>Tenemos tienda de accesorios con una gran variedad de productos.<\/p>\t\t\t\t\t\t\t\t<\/div>\n\t\t\t\t<\/div>\n\t\t\t\t\t<\/div>\n\t\t<\/div>\n\t\t\t\t<div class=\"elementor-column elementor-col-50 elementor-top-column elementor-element elementor-element-73a90e4\" data-id=\"73a90e4\" data-element_type=\"column\" data-e-type=\"column\">\n\t\t\t<div class=\"elementor-widget-wrap elementor-element-populated\">\n\t\t\t\t\t\t<div class=\"elementor-element elementor-element-45f4df9 elementor-widget elementor-widget-image\" data-id=\"45f4df9\" data-element_type=\"widget\" data-e-type=\"widget\" data-widget_type=\"image.default\">\n\t\t\t\t<div class=\"elementor-widget-container\">\n\t\t\t\t\t\t\t\t\t\t\t\t\t\t\t<img fetchpriority=\"high\" decoding=\"async\" width=\"2048\" height=\"770\" src=\"https:\/\/tierracaravanas.es\/wp-content\/uploads\/2022\/08\/quienes-somos-2048x770.jpg\" class=\"attachment-2048x2048 size-2048x2048 wp-image-1209\" alt=\"\" srcset=\"https:\/\/tierracaravanas.es\/wp-content\/uploads\/2022\/08\/quienes-somos-2048x770.jpg 2048w, https:\/\/tierracaravanas.es\/wp-content\/uploads\/2022\/08\/quienes-somos-300x113.jpg 300w, https:\/\/tierracaravanas.es\/wp-content\/uploads\/2022\/08\/quienes-somos-1024x385.jpg 1024w, https:\/\/tierracaravanas.es\/wp-content\/uploads\/2022\/08\/quienes-somos-768x289.jpg 768w, https:\/\/tierracaravanas.es\/wp-content\/uploads\/2022\/08\/quienes-somos-1536x578.jpg 1536w\" sizes=\"(max-width: 2048px) 100vw, 2048px\" \/>\t\t\t\t\t\t\t\t\t\t\t\t\t\t\t<\/div>\n\t\t\t\t<\/div>\n\t\t\t\t\t<\/div>\n\t\t<\/div>\n\t\t\t\t\t<\/div>\n\t\t<\/section>\n\t\t\t\t<section class=\"elementor-section elementor-top-section elementor-element elementor-element-6338d88 elementor-section-full_width elementor-section-height-default elementor-section-height-default\" data-id=\"6338d88\" data-element_type=\"section\" data-e-type=\"section\">\n\t\t\t\t\t\t<div class=\"elementor-container elementor-column-gap-default\">\n\t\t\t\t\t<div class=\"elementor-column elementor-col-100 elementor-top-column elementor-element elementor-element-fc054df\" data-id=\"fc054df\" data-element_type=\"column\" data-e-type=\"column\">\n\t\t\t<div class=\"elementor-widget-wrap elementor-element-populated\">\n\t\t\t\t\t\t<div class=\"elementor-element elementor-element-d9c9172 e-transform elementor-widget-divider--view-line elementor-widget elementor-widget-divider\" data-id=\"d9c9172\" data-element_type=\"widget\" data-e-type=\"widget\" data-settings=\"{&quot;_transform_rotateZ_effect&quot;:{&quot;unit&quot;:&quot;px&quot;,&quot;size&quot;:&quot;&quot;,&quot;sizes&quot;:[]},&quot;_transform_rotateZ_effect_tablet&quot;:{&quot;unit&quot;:&quot;deg&quot;,&quot;size&quot;:&quot;&quot;,&quot;sizes&quot;:[]},&quot;_transform_rotateZ_effect_mobile&quot;:{&quot;unit&quot;:&quot;deg&quot;,&quot;size&quot;:&quot;&quot;,&quot;sizes&quot;:[]}}\" data-widget_type=\"divider.default\">\n\t\t\t\t<div class=\"elementor-widget-container\">\n\t\t\t\t\t\t\t<div class=\"elementor-divider\">\n\t\t\t<span class=\"elementor-divider-separator\">\n\t\t\t\t\t\t<\/span>\n\t\t<\/div>\n\t\t\t\t\t\t<\/div>\n\t\t\t\t<\/div>\n\t\t\t\t<div class=\"elementor-element elementor-element-f15e93b elementor-widget elementor-widget-heading\" data-id=\"f15e93b\" data-element_type=\"widget\" data-e-type=\"widget\" data-widget_type=\"heading.default\">\n\t\t\t\t<div class=\"elementor-widget-container\">\n\t\t\t\t\t<h2 class=\"elementor-heading-title elementor-size-default\">Nuestras Instalaciones y Servicios:<\/h2>\t\t\t\t<\/div>\n\t\t\t\t<\/div>\n\t\t\t\t\t<\/div>\n\t\t<\/div>\n\t\t\t\t\t<\/div>\n\t\t<\/section>\n\t\t\t\t<section class=\"elementor-section elementor-top-section elementor-element elementor-element-edae455 elementor-section-full_width elementor-section-height-default elementor-section-height-default\" data-id=\"edae455\" data-element_type=\"section\" data-e-type=\"section\">\n\t\t\t\t\t\t<div class=\"elementor-container elementor-column-gap-default\">\n\t\t\t\t\t<div class=\"elementor-column elementor-col-100 elementor-top-column elementor-element elementor-element-e50407f\" data-id=\"e50407f\" data-element_type=\"column\" data-e-type=\"column\">\n\t\t\t<div class=\"elementor-widget-wrap elementor-element-populated\">\n\t\t\t\t\t\t<div class=\"elementor-element elementor-element-72914cc elementor-widget elementor-widget-text-editor\" data-id=\"72914cc\" data-element_type=\"widget\" data-e-type=\"widget\" data-widget_type=\"text-editor.default\">\n\t\t\t\t<div class=\"elementor-widget-container\">\n\t\t\t\t\t\t\t\t\t<p>Taller, accesorios y asesoramiento<\/p>\t\t\t\t\t\t\t\t<\/div>\n\t\t\t\t<\/div>\n\t\t\t\t\t<\/div>\n\t\t<\/div>\n\t\t\t\t\t<\/div>\n\t\t<\/section>\n\t\t\t\t<section class=\"elementor-section elementor-top-section elementor-element elementor-element-1596ed2 elementor-section-full_width elementor-section-height-default elementor-section-height-default\" data-id=\"1596ed2\" data-element_type=\"section\" data-e-type=\"section\" data-settings=\"{&quot;background_background&quot;:&quot;classic&quot;}\">\n\t\t\t\t\t\t<div class=\"elementor-container elementor-column-gap-default\">\n\t\t\t\t\t<div class=\"elementor-column elementor-col-50 elementor-top-column elementor-element elementor-element-fa955c6\" data-id=\"fa955c6\" data-element_type=\"column\" data-e-type=\"column\">\n\t\t\t<div class=\"elementor-widget-wrap elementor-element-populated\">\n\t\t\t\t\t\t<div class=\"elementor-element elementor-element-d79cbe0 elementor-widget elementor-widget-heading\" data-id=\"d79cbe0\" data-element_type=\"widget\" data-e-type=\"widget\" data-widget_type=\"heading.default\">\n\t\t\t\t<div class=\"elementor-widget-container\">\n\t\t\t\t\t<h3 class=\"elementor-heading-title elementor-size-default\">Ven a elegir tu nuevo veh\u00edculo <\/h3>\t\t\t\t<\/div>\n\t\t\t\t<\/div>\n\t\t\t\t<div class=\"elementor-element elementor-element-7ac97cb elementor-widget elementor-widget-text-editor\" data-id=\"7ac97cb\" data-element_type=\"widget\" data-e-type=\"widget\" data-widget_type=\"text-editor.default\">\n\t\t\t\t<div class=\"elementor-widget-container\">\n\t\t\t\t\t\t\t\t\t<p>Tierra Caravanas podr\u00e1s ver y conocer&nbsp; una gama amplia de autocaravanas, campers y caravanas nuevas y de ocasi\u00f3n. Te acompa\u00f1aremos en la b\u00fasqueda de tu veh\u00edculo caravaning aportando nuestro conocimiento.<\/p>\t\t\t\t\t\t\t\t<\/div>\n\t\t\t\t<\/div>\n\t\t\t\t\t<\/div>\n\t\t<\/div>\n\t\t\t\t<div class=\"elementor-column elementor-col-50 elementor-top-column elementor-element elementor-element-37e081b\" data-id=\"37e081b\" data-element_type=\"column\" data-e-type=\"column\">\n\t\t\t<div class=\"elementor-widget-wrap elementor-element-populated\">\n\t\t\t\t\t\t<div class=\"elementor-element elementor-element-8e035e7 elementor-widget elementor-widget-image\" data-id=\"8e035e7\" data-element_type=\"widget\" data-e-type=\"widget\" data-widget_type=\"image.default\">\n\t\t\t\t<div class=\"elementor-widget-container\">\n\t\t\t\t\t\t\t\t\t\t\t\t\t\t\t<img decoding=\"async\" width=\"800\" height=\"477\" src=\"https:\/\/tierracaravanas.es\/wp-content\/uploads\/2022\/08\/quienes-1024x611.jpg\" class=\"attachment-large size-large wp-image-1211\" alt=\"\" srcset=\"https:\/\/tierracaravanas.es\/wp-content\/uploads\/2022\/08\/quienes-1024x611.jpg 1024w, https:\/\/tierracaravanas.es\/wp-content\/uploads\/2022\/08\/quienes-300x179.jpg 300w, https:\/\/tierracaravanas.es\/wp-content\/uploads\/2022\/08\/quienes-768x458.jpg 768w, https:\/\/tierracaravanas.es\/wp-content\/uploads\/2022\/08\/quienes.jpg 1497w\" sizes=\"(max-width: 800px) 100vw, 800px\" \/>\t\t\t\t\t\t\t\t\t\t\t\t\t\t\t<\/div>\n\t\t\t\t<\/div>\n\t\t\t\t\t<\/div>\n\t\t<\/div>\n\t\t\t\t\t<\/div>\n\t\t<\/section>\n\t\t\t\t<section class=\"elementor-section elementor-top-section elementor-element elementor-element-74d5303 elementor-section-full_width elementor-section-height-default elementor-section-height-default\" data-id=\"74d5303\" data-element_type=\"section\" data-e-type=\"section\">\n\t\t\t\t\t\t<div class=\"elementor-container elementor-column-gap-default\">\n\t\t\t\t\t<div class=\"elementor-column elementor-col-50 elementor-top-column elementor-element elementor-element-f1f4981\" data-id=\"f1f4981\" data-element_type=\"column\" data-e-type=\"column\">\n\t\t\t<div class=\"elementor-widget-wrap elementor-element-populated\">\n\t\t\t\t\t\t<div class=\"elementor-element elementor-element-e811a3b elementor-widget elementor-widget-image\" data-id=\"e811a3b\" data-element_type=\"widget\" data-e-type=\"widget\" data-widget_type=\"image.default\">\n\t\t\t\t<div class=\"elementor-widget-container\">\n\t\t\t\t\t\t\t\t\t\t\t\t\t\t\t<img decoding=\"async\" width=\"800\" height=\"477\" src=\"https:\/\/tierracaravanas.es\/wp-content\/uploads\/2022\/08\/taller-autocaravanas-1024x611.jpg\" class=\"attachment-large size-large wp-image-1222\" alt=\"taller reparacion caravanas, autocaravanas y campers en Loiu\" srcset=\"https:\/\/tierracaravanas.es\/wp-content\/uploads\/2022\/08\/taller-autocaravanas-1024x611.jpg 1024w, https:\/\/tierracaravanas.es\/wp-content\/uploads\/2022\/08\/taller-autocaravanas-300x179.jpg 300w, https:\/\/tierracaravanas.es\/wp-content\/uploads\/2022\/08\/taller-autocaravanas-768x458.jpg 768w, https:\/\/tierracaravanas.es\/wp-content\/uploads\/2022\/08\/taller-autocaravanas.jpg 1497w\" sizes=\"(max-width: 800px) 100vw, 800px\" \/>\t\t\t\t\t\t\t\t\t\t\t\t\t\t\t<\/div>\n\t\t\t\t<\/div>\n\t\t\t\t\t<\/div>\n\t\t<\/div>\n\t\t\t\t<div class=\"elementor-column elementor-col-50 elementor-top-column elementor-element elementor-element-95742c2\" data-id=\"95742c2\" data-element_type=\"column\" data-e-type=\"column\">\n\t\t\t<div class=\"elementor-widget-wrap elementor-element-populated\">\n\t\t\t\t\t\t<div class=\"elementor-element elementor-element-95ecb29 elementor-widget elementor-widget-heading\" data-id=\"95ecb29\" data-element_type=\"widget\" data-e-type=\"widget\" data-widget_type=\"heading.default\">\n\t\t\t\t<div class=\"elementor-widget-container\">\n\t\t\t\t\t<h3 class=\"elementor-heading-title elementor-size-default\">Taller de reparaci\u00f3n de caravanas, autocaravanas y campers <\/h3>\t\t\t\t<\/div>\n\t\t\t\t<\/div>\n\t\t\t\t<div class=\"elementor-element elementor-element-6fe3919 elementor-widget elementor-widget-text-editor\" data-id=\"6fe3919\" data-element_type=\"widget\" data-e-type=\"widget\" data-widget_type=\"text-editor.default\">\n\t\t\t\t<div class=\"elementor-widget-container\">\n\t\t\t\t\t\t\t\t\tEn nuestro taller damos un servicio integral para autocaravanas, caravanas y campers. Reparaci\u00f3n de aver\u00edas en el funcionamiento de las bater\u00edas auxiliares, del sistema de navegaci\u00f3n, la nevera, la claraboya, carrocer\u00eda\u2026\t\t\t\t\t\t\t\t<\/div>\n\t\t\t\t<\/div>\n\t\t\t\t\t<\/div>\n\t\t<\/div>\n\t\t\t\t\t<\/div>\n\t\t<\/section>\n\t\t\t\t<section class=\"elementor-section elementor-top-section elementor-element elementor-element-e9333cb elementor-section-full_width elementor-section-height-min-height elementor-section-content-middle elementor-section-height-default elementor-section-items-middle\" data-id=\"e9333cb\" data-element_type=\"section\" data-e-type=\"section\" data-settings=\"{&quot;background_background&quot;:&quot;classic&quot;}\">\n\t\t\t\t\t\t\t<div class=\"elementor-background-overlay\"><\/div>\n\t\t\t\t\t\t\t<div class=\"elementor-container elementor-column-gap-default\">\n\t\t\t\t\t<div class=\"elementor-column elementor-col-50 elementor-top-column elementor-element elementor-element-f7a0cb1\" data-id=\"f7a0cb1\" data-element_type=\"column\" data-e-type=\"column\">\n\t\t\t<div class=\"elementor-widget-wrap elementor-element-populated\">\n\t\t\t\t\t\t<div class=\"elementor-element elementor-element-8f233b1 elementor-widget elementor-widget-text-editor\" data-id=\"8f233b1\" data-element_type=\"widget\" data-e-type=\"widget\" data-widget_type=\"text-editor.default\">\n\t\t\t\t<div class=\"elementor-widget-container\">\n\t\t\t\t\t\t\t\t\t<h3 style=\"font-weight: 800;\">Realizamos todo tipo de instalaciones<\/h3>\n<p style=\"font-size: 20px;\">Tambi\u00e9n instalamos todo tipo de accesorios en tu veh\u00edculo: Portabicis, toldos, antenas de TV, sistemas de navegaci\u00f3n y de nivelaci\u00f3n autom\u00e1ticos, alarmas antirobo, placas solares, enchufes, aire acondicionado, retroc\u00e1maras, iluminaci\u00f3n led extra para tu autocaravana o enganches para remolcar la caravana.<\/p>\n<p style=\"font-size: 20px;\"><br><\/p>\t\t\t\t\t\t\t\t<\/div>\n\t\t\t\t<\/div>\n\t\t\t\t\t<\/div>\n\t\t<\/div>\n\t\t\t\t<div class=\"elementor-column elementor-col-50 elementor-top-column elementor-element elementor-element-d77f399\" data-id=\"d77f399\" data-element_type=\"column\" data-e-type=\"column\">\n\t\t\t<div class=\"elementor-widget-wrap elementor-element-populated\">\n\t\t\t\t\t\t<div class=\"elementor-element elementor-element-bbc0549 elementor-widget elementor-widget-image\" data-id=\"bbc0549\" data-element_type=\"widget\" data-e-type=\"widget\" data-widget_type=\"image.default\">\n\t\t\t\t<div class=\"elementor-widget-container\">\n\t\t\t\t\t\t\t\t\t\t\t\t\t\t\t<img loading=\"lazy\" decoding=\"async\" width=\"1497\" height=\"893\" src=\"https:\/\/tierracaravanas.es\/wp-content\/uploads\/2022\/08\/instalaciones-caravanas-autocas-campers.jpg\" class=\"attachment-2048x2048 size-2048x2048 wp-image-1497\" alt=\"\" srcset=\"https:\/\/tierracaravanas.es\/wp-content\/uploads\/2022\/08\/instalaciones-caravanas-autocas-campers.jpg 1497w, https:\/\/tierracaravanas.es\/wp-content\/uploads\/2022\/08\/instalaciones-caravanas-autocas-campers-300x179.jpg 300w, https:\/\/tierracaravanas.es\/wp-content\/uploads\/2022\/08\/instalaciones-caravanas-autocas-campers-1024x611.jpg 1024w, https:\/\/tierracaravanas.es\/wp-content\/uploads\/2022\/08\/instalaciones-caravanas-autocas-campers-768x458.jpg 768w\" sizes=\"(max-width: 1497px) 100vw, 1497px\" \/>\t\t\t\t\t\t\t\t\t\t\t\t\t\t\t<\/div>\n\t\t\t\t<\/div>\n\t\t\t\t\t<\/div>\n\t\t<\/div>\n\t\t\t\t\t<\/div>\n\t\t<\/section>\n\t\t\t\t<section class=\"elementor-section elementor-top-section elementor-element elementor-element-9dfc7d0 elementor-section-full_width elementor-section-height-default elementor-section-height-default\" data-id=\"9dfc7d0\" data-element_type=\"section\" data-e-type=\"section\">\n\t\t\t\t\t\t<div class=\"elementor-container elementor-column-gap-default\">\n\t\t\t\t\t<div class=\"elementor-column elementor-col-50 elementor-top-column elementor-element elementor-element-2bdb0a3\" data-id=\"2bdb0a3\" data-element_type=\"column\" data-e-type=\"column\">\n\t\t\t<div class=\"elementor-widget-wrap elementor-element-populated\">\n\t\t\t\t\t\t<div class=\"elementor-element elementor-element-8b64305 elementor-widget elementor-widget-image\" data-id=\"8b64305\" data-element_type=\"widget\" data-e-type=\"widget\" data-widget_type=\"image.default\">\n\t\t\t\t<div class=\"elementor-widget-container\">\n\t\t\t\t\t\t\t\t\t\t\t\t\t\t\t<img loading=\"lazy\" decoding=\"async\" width=\"800\" height=\"477\" src=\"https:\/\/tierracaravanas.es\/wp-content\/uploads\/2022\/08\/tienda_recambios_caravanas-1024x611.jpg\" class=\"attachment-large size-large wp-image-485\" alt=\"\" srcset=\"https:\/\/tierracaravanas.es\/wp-content\/uploads\/2022\/08\/tienda_recambios_caravanas-1024x611.jpg 1024w, https:\/\/tierracaravanas.es\/wp-content\/uploads\/2022\/08\/tienda_recambios_caravanas-300x179.jpg 300w, https:\/\/tierracaravanas.es\/wp-content\/uploads\/2022\/08\/tienda_recambios_caravanas-768x458.jpg 768w, https:\/\/tierracaravanas.es\/wp-content\/uploads\/2022\/08\/tienda_recambios_caravanas.jpg 1497w\" sizes=\"(max-width: 800px) 100vw, 800px\" \/>\t\t\t\t\t\t\t\t\t\t\t\t\t\t\t<\/div>\n\t\t\t\t<\/div>\n\t\t\t\t\t<\/div>\n\t\t<\/div>\n\t\t\t\t<div class=\"elementor-column elementor-col-50 elementor-top-column elementor-element elementor-element-21f1a32\" data-id=\"21f1a32\" data-element_type=\"column\" data-e-type=\"column\">\n\t\t\t<div class=\"elementor-widget-wrap elementor-element-populated\">\n\t\t\t\t\t\t<div class=\"elementor-element elementor-element-f81e7ac elementor-widget elementor-widget-text-editor\" data-id=\"f81e7ac\" data-element_type=\"widget\" data-e-type=\"widget\" data-widget_type=\"text-editor.default\">\n\t\t\t\t<div class=\"elementor-widget-container\">\n\t\t\t\t\t\t\t\t\t<h3 style=\"font-weight: 800;\">Accesorios y equipamiento para la vida caravaning<\/h3>\n<p>En la tienda puedes equiparte con todo lo necesario para tu viaje.\u00a0Enchufes, adaptadores, cierres de seguridad, recambios, productos de WC, cocinas y vajillas, sillas y mesas de camping, toldos y portabicis\u2026 un espacio para encontrar los complementos que hagan tu viaje m\u00e1s c\u00f3modo y seguro.<\/p>\t\t\t\t\t\t\t\t<\/div>\n\t\t\t\t<\/div>\n\t\t\t\t\t<\/div>\n\t\t<\/div>\n\t\t\t\t\t<\/div>\n\t\t<\/section>\n\t\t\t\t<\/div>","protected":false},"excerpt":{"rendered":"<p>Elegir el veh\u00edculo caravaning adecuado, quererlo, mantenerlo, equiparlo\u2026 es una decisi\u00f3n importante, y nosotros estamos aqu\u00ed para ayudarte. Somos una empresa especializada en caravanas y auto caravanas con taller propio desde 1975.Nos dedicamos a la venta y reparaci\u00f3n de las mismas. Tambi\u00e9n colocamos enganches a todo tipo de veh\u00edculos. Tenemos tienda de accesorios con una [&hellip;]<\/p>\n","protected":false},"author":1,"featured_media":0,"parent":0,"menu_order":0,"comment_status":"closed","ping_status":"closed","template":"","meta":{"om_disable_all_campaigns":false,"footnotes":""},"class_list":["post-16","page","type-page","status-publish","hentry"],"_links":{"self":[{"href":"https:\/\/tierracaravanas.es\/eu\/wp-json\/wp\/v2\/pages\/16","targetHints":{"allow":["GET"]}}],"collection":[{"href":"https:\/\/tierracaravanas.es\/eu\/wp-json\/wp\/v2\/pages"}],"about":[{"href":"https:\/\/tierracaravanas.es\/eu\/wp-json\/wp\/v2\/types\/page"}],"author":[{"embeddable":true,"href":"https:\/\/tierracaravanas.es\/eu\/wp-json\/wp\/v2\/users\/1"}],"replies":[{"embeddable":true,"href":"https:\/\/tierracaravanas.es\/eu\/wp-json\/wp\/v2\/comments?post=16"}],"version-history":[{"count":329,"href":"https:\/\/tierracaravanas.es\/eu\/wp-json\/wp\/v2\/pages\/16\/revisions"}],"predecessor-version":[{"id":2362,"href":"https:\/\/tierracaravanas.es\/eu\/wp-json\/wp\/v2\/pages\/16\/revisions\/2362"}],"wp:attachment":[{"href":"https:\/\/tierracaravanas.es\/eu\/wp-json\/wp\/v2\/media?parent=16"}],"curies":[{"name":"wp","href":"https:\/\/api.w.org\/{rel}","templated":true}]}}