{"id":2270,"date":"2024-05-23T11:15:34","date_gmt":"2024-05-23T11:15:34","guid":{"rendered":"https:\/\/tierracaravanas.rkinformatika.online\/?page_id=2270"},"modified":"2024-05-23T11:18:57","modified_gmt":"2024-05-23T11:18:57","slug":"accesibilidad","status":"publish","type":"page","link":"https:\/\/tierracaravanas.es\/eu\/accesibilidad\/","title":{"rendered":"Irisgarritasuna"},"content":{"rendered":"<div data-elementor-type=\"wp-page\" data-elementor-id=\"2270\" class=\"elementor elementor-2270\" data-elementor-post-type=\"page\">\n\t\t\t\t\t\t<section class=\"elementor-section elementor-top-section elementor-element elementor-element-41376592 elementor-section-boxed elementor-section-height-default elementor-section-height-default\" data-id=\"41376592\" data-element_type=\"section\" data-e-type=\"section\">\n\t\t\t\t\t\t<div class=\"elementor-container elementor-column-gap-default\">\n\t\t\t\t\t<div class=\"elementor-column elementor-col-100 elementor-top-column elementor-element elementor-element-46cdb77d\" data-id=\"46cdb77d\" data-element_type=\"column\" data-e-type=\"column\">\n\t\t\t<div class=\"elementor-widget-wrap elementor-element-populated\">\n\t\t\t\t\t\t<div class=\"elementor-element elementor-element-19d4e2a1 elementor-widget elementor-widget-text-editor\" data-id=\"19d4e2a1\" data-element_type=\"widget\" data-e-type=\"widget\" data-widget_type=\"text-editor.default\">\n\t\t\t\t<div class=\"elementor-widget-container\">\n\t\t\t\t\t\t\t\t\t\n<pre id=\"tw-target-text\" class=\"wp-block-preformatted\">Irisgarritasuna<\/pre>\n\n\n\n<pre id=\"tw-target-text\" class=\"wp-block-preformatted\"><\/pre>\n\t\t\t\t\t\t\t\t<\/div>\n\t\t\t\t<\/div>\n\t\t\t\t\t<\/div>\n\t\t<\/div>\n\t\t\t\t\t<\/div>\n\t\t<\/section>\n\t\t\t\t<section class=\"elementor-section elementor-top-section elementor-element elementor-element-d84718b elementor-section-boxed elementor-section-height-default elementor-section-height-default\" data-id=\"d84718b\" data-element_type=\"section\" data-e-type=\"section\">\n\t\t\t\t\t\t<div class=\"elementor-container elementor-column-gap-default\">\n\t\t\t\t\t<div class=\"elementor-column elementor-col-100 elementor-top-column elementor-element elementor-element-0dbb687\" data-id=\"0dbb687\" data-element_type=\"column\" data-e-type=\"column\">\n\t\t\t<div class=\"elementor-widget-wrap elementor-element-populated\">\n\t\t\t\t\t\t<div class=\"elementor-element elementor-element-17b7fbc elementor-widget elementor-widget-text-editor\" data-id=\"17b7fbc\" data-element_type=\"widget\" data-e-type=\"widget\" data-widget_type=\"text-editor.default\">\n\t\t\t\t<div class=\"elementor-widget-container\">\n\t\t\t\t\t\t\t\t\t<h1>ACCESIBILIDAD<\/h1>\n<p><strong>Tierra Caravanas<\/strong> se ha comprometido a hacer accesible su sitio web, de conformidad con el <a href=\"https:\/\/www.boe.es\/diario_boe\/txt.php?id=BOE-A-2018-12699\" target=\"_blank\" rel=\"noopener\">Real Decreto 1112\/2018, de 7 de septiembre, sobre accesibilidad de los sitios web y aplicaciones para dispositivos m\u00f3viles del sector p\u00fablico.<\/a><\/p>\n<p>La presente declaraci\u00f3n de accesibilidad se aplica al sitio web\u00a0<b>https:\/\/tierracaravanas.es<\/b><b>\/<\/b><\/p>\n<h2>Situaci\u00f3n de cumplimiento<\/h2>\n<p>Este sitio web es parcialmente conforme con el\u00a0<a href=\"https:\/\/www.boe.es\/diario_boe\/txt.php?id=BOE-A-2018-12699\" target=\"_blank\" rel=\"noopener\">RD 1112\/2018<\/a>.<\/p>\n<h2>Preparaci\u00f3n para la siguiente declaraci\u00f3n de accesibilidad<\/h2>\n<p>La presente declaraci\u00f3n fue preparada el\u00a0<b>23 de <\/b><b>Mayo<\/b><b>\u00a02024.<\/b><\/p>\n<p>El m\u00e9todo empleado para preparar la declaraci\u00f3n ha sido una autoevaluaci\u00f3n llevada a cabo por el propio organismo.<\/p>\n<p>Observaciones y datos de contacto<\/p>\n<p>Puede realizar comunicaciones sobre requisitos de accesibilidad (art\u00edculo 10.2.a del RD 1112\/2018) como, por ejemplo:<\/p>\n<ul>\n<li>\n<p>Informar sobre cualquier posible incumplimiento por parte de este sitio web<\/p>\n<\/li>\n<li>\n<p>Transmitir otras dificultades de acceso al contenido<\/p>\n<\/li>\n<li>\n<p>Formular cualquier otra consulta o sugerencia de mejora relativa a la accesibilidad del sitio web<\/p>\n<\/li>\n<\/ul>\n<p>a trav\u00e9s del\u00a0formulario de contacto de este sitio web o a trav\u00e9s del n\u00famero de tel\u00e9fono\u00a0<b>(+34) 655 598 614.<\/b><\/p>\n<p>Puede presentar:<\/p>\n<ul>\n<li>\n<p>Queja relativa al cumplimiento de los requisitos del RD 1112\/2018 o<\/p>\n<\/li>\n<li>\n<p>Solicitud de Informaci\u00f3n accesible relativa a:<\/p>\n<ul>\n<li>\n<p>Contenidos que est\u00e1n excluidos del \u00e1mbito de aplicaci\u00f3n del RD 1112\/2018 seg\u00fan lo establecido por el art\u00edculo 3, apartado 4<\/p>\n<\/li>\n<li>\n<p>Contenidos que est\u00e1n exentos del cumplimiento de los requisitos de accesibilidad por imponer una carga desproporcionada<\/p>\n<\/li>\n<\/ul>\n<\/li>\n<\/ul>\n<p>En la Solicitud de informaci\u00f3n accesible, se debe concretar, con toda claridad, los hechos, razones y petici\u00f3n que permitan constatar que se trata de una solicitud razonable y leg\u00edtima.<\/p>\n<p>Las quejas y reclamaciones sobre informaci\u00f3n accesible se realizar\u00e1n a trav\u00e9s de la sede electr\u00f3nica (<b>https:\/\/tierracaravanas.es<\/b><b>\/contacto\/<\/b>), y ser\u00e1n recibidas y tratadas por el \u00e1rea de Sistemas de la Informaci\u00f3n de <strong>Tierra Caravanas.<\/strong><\/p>\n<h2>Contenido opcional<\/h2>\n<p>Este portal est\u00e1 dise\u00f1ado para poder cambiar el tama\u00f1o del texto y el color, as\u00ed como el fondo de la p\u00e1gina mediante las opciones de configuraci\u00f3n est\u00e1ndar de los navegadores.<\/p>\n<p>Si desea cambiar el tama\u00f1o de letra del texto en los principales navegadores gr\u00e1ficos utilice los siguientes men\u00fas:<\/p>\n<ul>\n<li>\n<p>Internet Explorer, Mozilla y Firefox: Ver &gt; Tama\u00f1o del texto<\/p>\n<\/li>\n<li>\n<p>Opera: Ver &gt; Zoom<\/p>\n<\/li>\n<li>\n<p>Safari: Ver &gt; Hacer el texto m\u00e1s grande<\/p>\n<\/li>\n<li>\n<p>Chrome: Controla la p\u00e1gina actual &gt; Tama\u00f1o del texto<\/p>\n<\/li>\n<li>\n<p>Para modificar el tama\u00f1o de todo en la p\u00e1gina:<\/p>\n<ul>\n<li>\n<p>Ctrl + + para aumentarlo<\/p>\n<\/li>\n<li>\n<p>Ctrl + \u2013 para disminuirlo<\/p>\n<\/li>\n<li>\n<p>Ctrl + 0 restaura el tama\u00f1o original del texto<\/p>\n<\/li>\n<li>\n<p>Si lo que quiere es anular la hoja de estilos o modificar el color del texto, puede consultar la p\u00e1gina\u00a0<span lang=\"en-US\">How to Change Text Size or Colors de la WAI<\/span>, que se puede leer traducida al espa\u00f1ol en \u00bfC\u00f3mo cambiar el tama\u00f1o del texto o colores?<\/p>\n<\/li>\n<\/ul>\n<\/li>\n<\/ul>\t\t\t\t\t\t\t\t<\/div>\n\t\t\t\t<\/div>\n\t\t\t\t\t<\/div>\n\t\t<\/div>\n\t\t\t\t\t<\/div>\n\t\t<\/section>\n\t\t\t\t<\/div>","protected":false},"excerpt":{"rendered":"<p>Accesibilidad ACCESIBILIDAD Tierra Caravanas se ha comprometido a hacer accesible su sitio web, de conformidad con el Real Decreto 1112\/2018, de 7 de septiembre, sobre accesibilidad de los sitios web y aplicaciones para dispositivos m\u00f3viles del sector p\u00fablico. La presente declaraci\u00f3n de accesibilidad se aplica al sitio web\u00a0https:\/\/tierracaravanas.es\/ Situaci\u00f3n de cumplimiento Este sitio web es [&hellip;]<\/p>\n","protected":false},"author":1,"featured_media":0,"parent":0,"menu_order":0,"comment_status":"closed","ping_status":"closed","template":"elementor_canvas","meta":{"om_disable_all_campaigns":false,"footnotes":""},"class_list":["post-2270","page","type-page","status-publish","hentry"],"_links":{"self":[{"href":"https:\/\/tierracaravanas.es\/eu\/wp-json\/wp\/v2\/pages\/2270","targetHints":{"allow":["GET"]}}],"collection":[{"href":"https:\/\/tierracaravanas.es\/eu\/wp-json\/wp\/v2\/pages"}],"about":[{"href":"https:\/\/tierracaravanas.es\/eu\/wp-json\/wp\/v2\/types\/page"}],"author":[{"embeddable":true,"href":"https:\/\/tierracaravanas.es\/eu\/wp-json\/wp\/v2\/users\/1"}],"replies":[{"embeddable":true,"href":"https:\/\/tierracaravanas.es\/eu\/wp-json\/wp\/v2\/comments?post=2270"}],"version-history":[{"count":8,"href":"https:\/\/tierracaravanas.es\/eu\/wp-json\/wp\/v2\/pages\/2270\/revisions"}],"predecessor-version":[{"id":2278,"href":"https:\/\/tierracaravanas.es\/eu\/wp-json\/wp\/v2\/pages\/2270\/revisions\/2278"}],"wp:attachment":[{"href":"https:\/\/tierracaravanas.es\/eu\/wp-json\/wp\/v2\/media?parent=2270"}],"curies":[{"name":"wp","href":"https:\/\/api.w.org\/{rel}","templated":true}]}}